{"id":14596,"date":"2026-02-20T17:47:58","date_gmt":"2026-02-20T17:47:58","guid":{"rendered":"https:\/\/dssi.co.ao\/wasabi-webinars-events\/"},"modified":"2026-04-07T09:09:11","modified_gmt":"2026-04-07T09:09:11","slug":"wasabi-webinars-events","status":"publish","type":"page","link":"https:\/\/dssi.co.ao\/en\/wasabi-webinars-events\/","title":{"rendered":"Wasabi &#8211; Webinars &amp; Events"},"content":{"rendered":"\t\t<div data-elementor-type=\"wp-page\" data-elementor-id=\"14596\" class=\"elementor elementor-14596 elementor-13552\" data-elementor-post-type=\"page\">\n\t\t\t\t\t\t<header class=\"elementor-section elementor-top-section elementor-element elementor-element-1c000c19 elementor-section-height-min-height elementor-section-full_width elementor-section-height-default elementor-section-items-middle wpr-particle-no wpr-jarallax-no wpr-parallax-no wpr-sticky-section-no\" data-id=\"1c000c19\" data-element_type=\"section\" data-settings=\"{&quot;background_background&quot;:&quot;classic&quot;,&quot;background_motion_fx_motion_fx_mouse&quot;:&quot;yes&quot;}\">\n\t\t\t\t\t\t\t<div class=\"elementor-background-overlay\"><\/div>\n\t\t\t\t\t\t\t<div class=\"elementor-container elementor-column-gap-default\">\n\t\t\t\t\t<div class=\"elementor-column elementor-col-100 elementor-top-column elementor-element elementor-element-62d2455\" data-id=\"62d2455\" data-element_type=\"column\">\n\t\t\t<div class=\"elementor-widget-wrap elementor-element-populated\">\n\t\t\t\t\t\t<div class=\"elementor-element elementor-element-3da3992 elementor-widget elementor-widget-image\" data-id=\"3da3992\" data-element_type=\"widget\" data-widget_type=\"image.default\">\n\t\t\t\t<div class=\"elementor-widget-container\">\n\t\t\t\t\t\t\t\t\t\t\t\t\t\t\t<img fetchpriority=\"high\" decoding=\"async\" width=\"768\" height=\"230\" src=\"https:\/\/dssi.co.ao\/wp-content\/uploads\/2025\/04\/Wasabi-768x230.png\" class=\"attachment-medium_large size-medium_large wp-image-7175\" alt=\"\" srcset=\"https:\/\/dssi.co.ao\/wp-content\/uploads\/2025\/04\/Wasabi-768x230.png 768w, https:\/\/dssi.co.ao\/wp-content\/uploads\/2025\/04\/Wasabi-300x90.png 300w, https:\/\/dssi.co.ao\/wp-content\/uploads\/2025\/04\/Wasabi-1024x307.png 1024w, https:\/\/dssi.co.ao\/wp-content\/uploads\/2025\/04\/Wasabi-1320x396.png 1320w, https:\/\/dssi.co.ao\/wp-content\/uploads\/2025\/04\/Wasabi-600x180.png 600w, https:\/\/dssi.co.ao\/wp-content\/uploads\/2025\/04\/Wasabi.png 1337w\" sizes=\"(max-width: 768px) 100vw, 768px\">\t\t\t\t\t\t\t\t\t\t\t\t\t\t\t<\/div>\n\t\t\t\t<\/div>\n\t\t\t\t<div class=\"elementor-element elementor-element-167dc08 elementor-widget__width-initial elementor-widget elementor-widget-heading\" data-id=\"167dc08\" data-element_type=\"widget\" data-widget_type=\"heading.default\">\n\t\t\t\t<div class=\"elementor-widget-container\">\n\t\t\t\t\t<h2 class=\"elementor-heading-title elementor-size-default\"><b>Cloud data repository<\/b><\/h2>\t\t\t\t<\/div>\n\t\t\t\t<\/div>\n\t\t\t\t\t<\/div>\n\t\t<\/div>\n\t\t\t\t\t<\/div>\n\t\t<\/header>\n\t\t<div class=\"elementor-element elementor-element-3a9b5b9 e-flex e-con-boxed wpr-particle-no wpr-jarallax-no wpr-parallax-no wpr-sticky-section-no e-con e-parent\" data-id=\"3a9b5b9\" data-element_type=\"container\">\n\t\t\t\t\t<div class=\"e-con-inner\">\n\t\t\t\t<div class=\"elementor-element elementor-element-0830c07 elementor-widget elementor-widget-text-editor\" data-id=\"0830c07\" data-element_type=\"widget\" data-widget_type=\"text-editor.default\">\n\t\t\t\t<div class=\"elementor-widget-container\">\n\t\t\t\t\t\t\t\t\t<div class=\"flex flex-col text-sm pb-25\"><article class=\"text-token-text-primary w-full focus:outline-none [--shadow-height:45px] has-data-writing-block:pointer-events-none has-data-writing-block:-mt-(--shadow-height) has-data-writing-block:pt-(--shadow-height) [&amp;:has([data-writing-block])&gt;*]:pointer-events-auto scroll-mt-[calc(var(--header-height)+min(200px,max(70px,20svh)))]\" dir=\"auto\" tabindex=\"-1\" data-turn-id=\"request-WEB:89c9bc98-d0de-4af9-9b85-a9346acf33b9-15\" data-testid=\"conversation-turn-32\" data-scroll-anchor=\"true\" data-turn=\"assistant\"><div class=\"text-base my-auto mx-auto pb-10 [--thread-content-margin:--spacing(4)] @w-sm\/main:[--thread-content-margin:--spacing(6)] @w-lg\/main:[--thread-content-margin:--spacing(16)] px-(--thread-content-margin)\"><div class=\"[--thread-content-max-width:40rem] @w-lg\/main:[--thread-content-max-width:48rem] mx-auto max-w-(--thread-content-max-width) flex-1 group\/turn-messages focus-visible:outline-hidden relative flex w-full min-w-0 flex-col agent-turn\" tabindex=\"-1\"><div class=\"flex max-w-full flex-col grow\"><div class=\"min-h-8 text-message relative flex w-full flex-col items-end gap-2 text-start break-words whitespace-normal [.text-message+&amp;]:mt-1\" dir=\"auto\" data-message-author-role=\"assistant\" data-message-id=\"18734126-e303-4949-b2c3-c92845d66736\" data-message-model-slug=\"gpt-5-mini\"><div class=\"flex w-full flex-col gap-1 empty:hidden first:pt-[1px]\"><div class=\"markdown prose dark:prose-invert w-full wrap-break-word light markdown-new-styling\"><p data-start=\"0\" data-end=\"150\" data-is-last-node=\"\" data-is-only-node=\"\">On this page, you\u2019ll find all the manufacturer\u2019s official webinars, events, and certifications to help you stay up to date and develop your skills.<\/p><\/div><\/div><\/div><\/div><\/div><\/div><\/article><\/div>\t\t\t\t\t\t\t\t<\/div>\n\t\t\t\t<\/div>\n\t\t\t\t<div class=\"elementor-element elementor-element-97ce203 elementor-widget elementor-widget-heading\" data-id=\"97ce203\" data-element_type=\"widget\" data-widget_type=\"heading.default\">\n\t\t\t\t<div class=\"elementor-widget-container\">\n\t\t\t\t\t<h2 class=\"elementor-heading-title elementor-size-default\"><a href=\"https:\/\/partners.crashplan.com\/learning-track\/crash-course\/\" target=\"_blank\" rel=\"noopener\">Events &amp; Webinars<\/a><\/h2>\t\t\t\t<\/div>\n\t\t\t\t<\/div>\n\t\t\t\t\t<\/div>\n\t\t\t\t<\/div>\n\t\t<div class=\"elementor-element elementor-element-1f4833f e-flex e-con-boxed wpr-particle-no wpr-jarallax-no wpr-parallax-no wpr-sticky-section-no e-con e-parent\" data-id=\"1f4833f\" data-element_type=\"container\">\n\t\t\t\t\t<div class=\"e-con-inner\">\n\t\t<div class=\"elementor-element elementor-element-79987ac e-con-full e-flex wpr-particle-no wpr-jarallax-no wpr-parallax-no wpr-sticky-section-no e-con e-child\" data-id=\"79987ac\" data-element_type=\"container\">\n\t\t<div class=\"elementor-element elementor-element-ec2638d e-con-full e-flex wpr-particle-no wpr-jarallax-no wpr-parallax-no wpr-sticky-section-no e-con e-child\" data-id=\"ec2638d\" data-element_type=\"container\">\n\t\t\t\t<div class=\"elementor-element elementor-element-c8b5a69 elementor-widget elementor-widget-text-editor\" data-id=\"c8b5a69\" data-element_type=\"widget\" data-widget_type=\"text-editor.default\">\n\t\t\t\t<div class=\"elementor-widget-container\">\n\t\t\t\t\t\t\t\t\t<p data-pm-slice=\"1 1 []\"><em><strong>CLOUDFEST 2026<\/strong><\/em><\/p><p style=\"text-align: center;\"><strong>March 23\u201326, 2026<\/strong><\/p><p data-pm-slice=\"1 1 []\">In an ever-changing cloud landscape, CloudFest is constantly evolving. The latest updates to the world\u2019s largest internet infrastructure festival make the event even more valuable for all attendees. <\/p>\t\t\t\t\t\t\t\t<\/div>\n\t\t\t\t<\/div>\n\t\t\t\t<div class=\"elementor-element elementor-element-54b8bca elementor-widget elementor-widget-spacer\" data-id=\"54b8bca\" data-element_type=\"widget\" data-widget_type=\"spacer.default\">\n\t\t\t\t<div class=\"elementor-widget-container\">\n\t\t\t\t\t\t\t<div class=\"elementor-spacer\">\n\t\t\t<div class=\"elementor-spacer-inner\"><\/div>\n\t\t<\/div>\n\t\t\t\t\t\t<\/div>\n\t\t\t\t<\/div>\n\t\t\t\t<div class=\"elementor-element elementor-element-9c900c3 elementor-align-center elementor-widget elementor-widget-button\" data-id=\"9c900c3\" data-element_type=\"widget\" data-widget_type=\"button.default\">\n\t\t\t\t<div class=\"elementor-widget-container\">\n\t\t\t\t\t\t\t\t\t<div class=\"elementor-button-wrapper\">\n\t\t\t\t\t<a class=\"elementor-button elementor-button-link elementor-size-sm\" href=\"https:\/\/registration.cloudfest.com\/registration\" target=\"_blank\" rel=\"noopener\">\n\t\t\t\t\t\t<span class=\"elementor-button-content-wrapper\">\n\t\t\t\t\t\t\t\t\t<span class=\"elementor-button-text\">Sign up here!<\/span>\n\t\t\t\t\t<\/span>\n\t\t\t\t\t<\/a>\n\t\t\t\t<\/div>\n\t\t\t\t\t\t\t\t<\/div>\n\t\t\t\t<\/div>\n\t\t\t\t<\/div>\n\t\t<div class=\"elementor-element elementor-element-99a8c38 e-con-full e-flex wpr-particle-no wpr-jarallax-no wpr-parallax-no wpr-sticky-section-no e-con e-child\" data-id=\"99a8c38\" data-element_type=\"container\">\n\t\t\t\t<div class=\"elementor-element elementor-element-eeee40e elementor-widget elementor-widget-text-editor\" data-id=\"eeee40e\" data-element_type=\"widget\" data-widget_type=\"text-editor.default\">\n\t\t\t\t<div class=\"elementor-widget-container\">\n\t\t\t\t\t\t\t\t\t<p data-pm-slice=\"1 1 []\"><em><strong>RSAC 2026<\/strong><\/em><\/p><p style=\"text-align: center;\"><strong>March 23\u201326, 2026<\/strong><\/p><p data-pm-slice=\"1 1 []\"><span style=\"background-color: transparent;\">As inscri\u00e7\u00f5es para a <\/span><strong>RSAC 2026<\/strong><span style=\"background-color: transparent;\"> j\u00e1 est\u00e3o abertas e esta edi\u00e7\u00e3o destaca como a colabora\u00e7\u00e3o transforma ideias em avan\u00e7os reais. Junte-se a profissionais de ciberseguran\u00e7a de todo o mundo para enfrentar desafios em conjunto, partilhar conhecimento e impulsionar a mudan\u00e7a. .<\/span><\/p>\t\t\t\t\t\t\t\t<\/div>\n\t\t\t\t<\/div>\n\t\t\t\t<div class=\"elementor-element elementor-element-5869752 elementor-widget elementor-widget-spacer\" data-id=\"5869752\" data-element_type=\"widget\" data-widget_type=\"spacer.default\">\n\t\t\t\t<div class=\"elementor-widget-container\">\n\t\t\t\t\t\t\t<div class=\"elementor-spacer\">\n\t\t\t<div class=\"elementor-spacer-inner\"><\/div>\n\t\t<\/div>\n\t\t\t\t\t\t<\/div>\n\t\t\t\t<\/div>\n\t\t\t\t<div class=\"elementor-element elementor-element-1362abb elementor-align-center elementor-widget elementor-widget-button\" data-id=\"1362abb\" data-element_type=\"widget\" data-widget_type=\"button.default\">\n\t\t\t\t<div class=\"elementor-widget-container\">\n\t\t\t\t\t\t\t\t\t<div class=\"elementor-button-wrapper\">\n\t\t\t\t\t<a class=\"elementor-button elementor-button-link elementor-size-sm\" href=\"https:\/\/www.rsaconference.com\/usa\" target=\"_blank\" rel=\"noopener\">\n\t\t\t\t\t\t<span class=\"elementor-button-content-wrapper\">\n\t\t\t\t\t\t\t\t\t<span class=\"elementor-button-text\">Sign up here!<\/span>\n\t\t\t\t\t<\/span>\n\t\t\t\t\t<\/a>\n\t\t\t\t<\/div>\n\t\t\t\t\t\t\t\t<\/div>\n\t\t\t\t<\/div>\n\t\t\t\t<\/div>\n\t\t\t\t<\/div>\n\t\t\t\t\t<\/div>\n\t\t\t\t<\/div>\n\t\t<div class=\"elementor-element elementor-element-0832ec8 e-flex e-con-boxed wpr-particle-no wpr-jarallax-no wpr-parallax-no wpr-sticky-section-no e-con e-parent\" data-id=\"0832ec8\" data-element_type=\"container\">\n\t\t\t\t\t<div class=\"e-con-inner\">\n\t\t<div class=\"elementor-element elementor-element-d3611a9 e-con-full e-flex wpr-particle-no wpr-jarallax-no wpr-parallax-no wpr-sticky-section-no e-con e-child\" data-id=\"d3611a9\" data-element_type=\"container\">\n\t\t<div class=\"elementor-element elementor-element-c68197f e-con-full e-flex wpr-particle-no wpr-jarallax-no wpr-parallax-no wpr-sticky-section-no e-con e-child\" data-id=\"c68197f\" data-element_type=\"container\">\n\t\t\t\t<div class=\"elementor-element elementor-element-a0d4958 elementor-widget elementor-widget-text-editor\" data-id=\"a0d4958\" data-element_type=\"widget\" data-widget_type=\"text-editor.default\">\n\t\t\t\t<div class=\"elementor-widget-container\">\n\t\t\t\t\t\t\t\t\t<p data-pm-slice=\"1 1 []\"><em><strong>ISC WEST<\/strong><\/em><\/p><p style=\"text-align: center;\"><strong>March 23\u201327, 2026<\/strong><\/p><p data-pm-slice=\"1 1 []\">At ISC West, connect with security professionals, learn from SIA Education@ISC, and explore the latest innovations in access control, video surveillance, drones, IT, and IoT. Combining products, education, and networking, it is the premier event for discovering innovation in the industry. <\/p>\t\t\t\t\t\t\t\t<\/div>\n\t\t\t\t<\/div>\n\t\t\t\t<div class=\"elementor-element elementor-element-4c84a89 elementor-align-center elementor-widget elementor-widget-button\" data-id=\"4c84a89\" data-element_type=\"widget\" data-widget_type=\"button.default\">\n\t\t\t\t<div class=\"elementor-widget-container\">\n\t\t\t\t\t\t\t\t\t<div class=\"elementor-button-wrapper\">\n\t\t\t\t\t<a class=\"elementor-button elementor-button-link elementor-size-sm\" href=\"https:\/\/www.discoverisc.com\/global\/en-us\/isc-west.html\" target=\"_blank\" rel=\"noopener\">\n\t\t\t\t\t\t<span class=\"elementor-button-content-wrapper\">\n\t\t\t\t\t\t\t\t\t<span class=\"elementor-button-text\">Sign up here!<\/span>\n\t\t\t\t\t<\/span>\n\t\t\t\t\t<\/a>\n\t\t\t\t<\/div>\n\t\t\t\t\t\t\t\t<\/div>\n\t\t\t\t<\/div>\n\t\t\t\t<\/div>\n\t\t<div class=\"elementor-element elementor-element-f9cb3b2 e-con-full e-flex wpr-particle-no wpr-jarallax-no wpr-parallax-no wpr-sticky-section-no e-con e-child\" data-id=\"f9cb3b2\" data-element_type=\"container\">\n\t\t<div class=\"elementor-element elementor-element-3a1bc5a e-con-full e-flex wpr-particle-no wpr-jarallax-no wpr-parallax-no wpr-sticky-section-no e-con e-child\" data-id=\"3a1bc5a\" data-element_type=\"container\">\n\t\t\t\t<div class=\"elementor-element elementor-element-7961e03 elementor-widget elementor-widget-text-editor\" data-id=\"7961e03\" data-element_type=\"widget\" data-widget_type=\"text-editor.default\">\n\t\t\t\t<div class=\"elementor-widget-container\">\n\t\t\t\t\t\t\t\t\t<p data-pm-slice=\"1 1 []\"><em><strong>Strengthening the Core: Ransomware &#8211; Resilient Backup with Nutanix Prism Central and Wasabi<\/strong><\/em><\/p><p style=\"text-align: center;\"><strong>April 16, 2026<\/strong><\/p><p data-pm-slice=\"1 1 []\">This webinar demonstrates how to protect backups in Nutanix environments against ransomware by using secure cloud storage, immutability, and access controls to ensure recovery even after attacks.<\/p>\t\t\t\t\t\t\t\t<\/div>\n\t\t\t\t<\/div>\n\t\t\t\t<div class=\"elementor-element elementor-element-9571b4a elementor-widget elementor-widget-spacer\" data-id=\"9571b4a\" data-element_type=\"widget\" data-widget_type=\"spacer.default\">\n\t\t\t\t<div class=\"elementor-widget-container\">\n\t\t\t\t\t\t\t<div class=\"elementor-spacer\">\n\t\t\t<div class=\"elementor-spacer-inner\"><\/div>\n\t\t<\/div>\n\t\t\t\t\t\t<\/div>\n\t\t\t\t<\/div>\n\t\t\t\t<div class=\"elementor-element elementor-element-f45fdea elementor-align-center elementor-widget elementor-widget-button\" data-id=\"f45fdea\" data-element_type=\"widget\" data-widget_type=\"button.default\">\n\t\t\t\t<div class=\"elementor-widget-container\">\n\t\t\t\t\t\t\t\t\t<div class=\"elementor-button-wrapper\">\n\t\t\t\t\t<a class=\"elementor-button elementor-button-link elementor-size-sm\" href=\"https:\/\/event.on24.com\/wcc\/r\/5276087\/A55924162C550A8252C17A9573423FE6\" target=\"_blank\" rel=\"noopener\">\n\t\t\t\t\t\t<span class=\"elementor-button-content-wrapper\">\n\t\t\t\t\t\t\t\t\t<span class=\"elementor-button-text\">Sign up here!<\/span>\n\t\t\t\t\t<\/span>\n\t\t\t\t\t<\/a>\n\t\t\t\t<\/div>\n\t\t\t\t\t\t\t\t<\/div>\n\t\t\t\t<\/div>\n\t\t\t\t<\/div>\n\t\t\t\t<\/div>\n\t\t\t\t<\/div>\n\t\t\t\t\t<\/div>\n\t\t\t\t<\/div>\n\t\t<div class=\"elementor-element elementor-element-5eaeeb8 e-flex e-con-boxed wpr-particle-no wpr-jarallax-no wpr-parallax-no wpr-sticky-section-no e-con e-parent\" data-id=\"5eaeeb8\" data-element_type=\"container\">\n\t\t\t\t\t<div class=\"e-con-inner\">\n\t\t<div class=\"elementor-element elementor-element-d68e1d9 e-con-full e-flex wpr-particle-no wpr-jarallax-no wpr-parallax-no wpr-sticky-section-no e-con e-child\" data-id=\"d68e1d9\" data-element_type=\"container\">\n\t\t\t\t<div class=\"elementor-element elementor-element-aaf81c7 elementor-widget elementor-widget-text-editor\" data-id=\"aaf81c7\" data-element_type=\"widget\" data-widget_type=\"text-editor.default\">\n\t\t\t\t<div class=\"elementor-widget-container\">\n\t\t\t\t\t\t\t\t\t<p data-pm-slice=\"1 1 []\"><em><strong>How Microsoft 365 &amp; Sharepoint Are Reshaping your Cyber Resiliency Strategy Beyond Classroom<\/strong><\/em><\/p><p style=\"text-align: center;\"><span style=\"font-size: 1rem;\">This webinar demonstrates how to protect and manage SharePoint data in schools and universities, presents secure and cost-effective solutions for cloud-based backup, recovery, and archiving, helps avoid extra costs, and ensures continuous and reliable access to information<\/span><\/p>\t\t\t\t\t\t\t\t<\/div>\n\t\t\t\t<\/div>\n\t\t\t\t<div class=\"elementor-element elementor-element-7baacb5 elementor-align-center elementor-widget elementor-widget-button\" data-id=\"7baacb5\" data-element_type=\"widget\" data-widget_type=\"button.default\">\n\t\t\t\t<div class=\"elementor-widget-container\">\n\t\t\t\t\t\t\t\t\t<div class=\"elementor-button-wrapper\">\n\t\t\t\t\t<a class=\"elementor-button elementor-button-link elementor-size-sm\" href=\"https:\/\/tv.wasabi.com\/wcc\/eh\/4724291\/lp\/5246161\/how-microsoft-365-sharepoint-are-reshaping-your-cyber-resiliency-strategy-beyond-the-classroom\" target=\"_blank\" rel=\"noopener\">\n\t\t\t\t\t\t<span class=\"elementor-button-content-wrapper\">\n\t\t\t\t\t\t\t\t\t<span class=\"elementor-button-text\">Sign up here!<\/span>\n\t\t\t\t\t<\/span>\n\t\t\t\t\t<\/a>\n\t\t\t\t<\/div>\n\t\t\t\t\t\t\t\t<\/div>\n\t\t\t\t<\/div>\n\t\t\t\t<\/div>\n\t\t\t\t\t<\/div>\n\t\t\t\t<\/div>\n\t\t<div class=\"elementor-element elementor-element-6996130 e-flex e-con-boxed wpr-particle-no wpr-jarallax-no wpr-parallax-no wpr-sticky-section-no e-con e-parent\" data-id=\"6996130\" data-element_type=\"container\">\n\t\t\t\t\t<div class=\"e-con-inner\">\n\t\t\t\t<div class=\"elementor-element elementor-element-c7a1b15 elementor-widget elementor-widget-heading\" data-id=\"c7a1b15\" data-element_type=\"widget\" data-widget_type=\"heading.default\">\n\t\t\t\t<div class=\"elementor-widget-container\">\n\t\t\t\t\t<h2 class=\"elementor-heading-title elementor-size-default\"><a href=\"https:\/\/partners.crashplan.com\/learning-track\/crash-course\/\" target=\"_blank\" rel=\"noopener\">Certifications are available exclusively to Partners via the Partner Portal<\/a><\/h2>\t\t\t\t<\/div>\n\t\t\t\t<\/div>\n\t\t<div class=\"elementor-element elementor-element-6348dfd e-con-full e-flex wpr-particle-no wpr-jarallax-no wpr-parallax-no wpr-sticky-section-no e-con e-child\" data-id=\"6348dfd\" data-element_type=\"container\">\n\t\t<div class=\"elementor-element elementor-element-a4b9a4e e-con-full e-flex wpr-particle-no wpr-jarallax-no wpr-parallax-no wpr-sticky-section-no e-con e-child\" data-id=\"a4b9a4e\" data-element_type=\"container\">\n\t\t\t\t<div class=\"elementor-element elementor-element-26e018c elementor-widget elementor-widget-text-editor\" data-id=\"26e018c\" data-element_type=\"widget\" data-widget_type=\"text-editor.default\">\n\t\t\t\t<div class=\"elementor-widget-container\">\n\t\t\t\t\t\t\t\t\t<ul><li>Wasabi Sales Certification<\/li><\/ul>\t\t\t\t\t\t\t\t<\/div>\n\t\t\t\t<\/div>\n\t\t\t\t<div class=\"elementor-element elementor-element-31ab4b6 elementor-align-center elementor-widget elementor-widget-button\" data-id=\"31ab4b6\" data-element_type=\"widget\" data-widget_type=\"button.default\">\n\t\t\t\t<div class=\"elementor-widget-container\">\n\t\t\t\t\t\t\t\t\t<div class=\"elementor-button-wrapper\">\n\t\t\t\t\t<a class=\"elementor-button elementor-button-link elementor-size-sm\" href=\"https:\/\/partnerportal.wasabi.com\/?redirect_to=\/my-dashboard\/\" target=\"_blank\" rel=\"noopener\">\n\t\t\t\t\t\t<span class=\"elementor-button-content-wrapper\">\n\t\t\t\t\t\t\t\t\t<span class=\"elementor-button-text\">Learn More<\/span>\n\t\t\t\t\t<\/span>\n\t\t\t\t\t<\/a>\n\t\t\t\t<\/div>\n\t\t\t\t\t\t\t\t<\/div>\n\t\t\t\t<\/div>\n\t\t\t\t<div class=\"elementor-element elementor-element-c0ad448 elementor-widget elementor-widget-text-editor\" data-id=\"c0ad448\" data-element_type=\"widget\" data-widget_type=\"text-editor.default\">\n\t\t\t\t<div class=\"elementor-widget-container\">\n\t\t\t\t\t\t\t\t\t<div><strong>Training (exclusively for partners via the Partner Portal)<\/strong><\/div><div><ul><li style=\"list-style-type: none;\"><ul style=\"margin-top: 0cm;\" type=\"circle\"><li><span lang=\"EN-US\">New Partner Technical Onboarding \u2013 Set Up Wasabi<\/span><\/li><li>Video Surveillance Sales Specialization<\/li><li>Cyber Resilience Sales Specialization<\/li><\/ul><\/li><\/ul><\/div>\t\t\t\t\t\t\t\t<\/div>\n\t\t\t\t<\/div>\n\t\t\t\t<div class=\"elementor-element elementor-element-a0bd8be elementor-align-center elementor-widget elementor-widget-button\" data-id=\"a0bd8be\" data-element_type=\"widget\" data-widget_type=\"button.default\">\n\t\t\t\t<div class=\"elementor-widget-container\">\n\t\t\t\t\t\t\t\t\t<div class=\"elementor-button-wrapper\">\n\t\t\t\t\t<a class=\"elementor-button elementor-button-link elementor-size-sm\" href=\"https:\/\/partnerportal.wasabi.com\/?redirect_to=\/my-dashboard\/\" target=\"_blank\" rel=\"noopener\">\n\t\t\t\t\t\t<span class=\"elementor-button-content-wrapper\">\n\t\t\t\t\t\t\t\t\t<span class=\"elementor-button-text\">Learn More<\/span>\n\t\t\t\t\t<\/span>\n\t\t\t\t\t<\/a>\n\t\t\t\t<\/div>\n\t\t\t\t\t\t\t\t<\/div>\n\t\t\t\t<\/div>\n\t\t\t\t<\/div>\n\t\t\t\t<\/div>\n\t\t\t\t\t<\/div>\n\t\t\t\t<\/div>\n\t\t\t\t<\/div>\n\t\t","protected":false},"excerpt":{"rendered":"<p>Cloud data repository On this page, you\u2019ll find all the manufacturer\u2019s official webinars, events, and certifications to help you stay up to date and develop your skills. Events &amp; Webinars CLOUDFEST 2026 March 23\u201326, 2026 In an ever-changing cloud landscape, CloudFest is constantly evolving. The latest updates to the world\u2019s largest internet infrastructure festival make the event even more valuable for all attendees. Sign up here! RSAC 2026 March 23\u201326, 2026 As inscri\u00e7\u00f5es para a RSAC 2026 j\u00e1 est\u00e3o abertas e esta edi\u00e7\u00e3o destaca como a colabora\u00e7\u00e3o transforma ideias em avan\u00e7os reais. Junte-se a profissionais de ciberseguran\u00e7a de todo o mundo para enfrentar desafios em conjunto, partilhar conhecimento e impulsionar a mudan\u00e7a. . Sign up here! ISC WEST March 23\u201327, 2026 At ISC West, connect with security professionals, learn from SIA Education@ISC, and explore the latest innovations in access control, video surveillance, drones, IT, and IoT. Combining products, education, and networking, it is the premier event for discovering innovation in the industry. Sign up here! Strengthening the Core: Ransomware &#8211; Resilient Backup with Nutanix Prism Central and Wasabi April 16, 2026 This webinar demonstrates how to protect backups in Nutanix environments against ransomware by using secure cloud storage, immutability, and access controls to ensure recovery even after attacks. Sign up here! How Microsoft 365 &amp; Sharepoint Are Reshaping your Cyber Resiliency Strategy Beyond Classroom This webinar demonstrates how to protect and manage SharePoint data in schools and universities, presents secure and cost-effective solutions for cloud-based backup, recovery, and archiving, helps avoid extra costs, and ensures continuous and reliable access to information Sign up here! Certifications are available exclusively to Partners via the Partner Portal Wasabi Sales Certification Learn More Training (exclusively for partners via the Partner Portal) New Partner Technical Onboarding \u2013 Set Up Wasabi Video Surveillance Sales Specialization Cyber Resilience Sales Specialization Learn More<\/p>\n","protected":false},"author":3,"featured_media":0,"parent":0,"menu_order":0,"comment_status":"closed","ping_status":"closed","template":"elementor_header_footer","meta":{"footnotes":""},"class_list":["post-14596","page","type-page","status-publish","hentry"],"_links":{"self":[{"href":"https:\/\/dssi.co.ao\/en\/wp-json\/wp\/v2\/pages\/14596","targetHints":{"allow":["GET"]}}],"collection":[{"href":"https:\/\/dssi.co.ao\/en\/wp-json\/wp\/v2\/pages"}],"about":[{"href":"https:\/\/dssi.co.ao\/en\/wp-json\/wp\/v2\/types\/page"}],"author":[{"embeddable":true,"href":"https:\/\/dssi.co.ao\/en\/wp-json\/wp\/v2\/users\/3"}],"replies":[{"embeddable":true,"href":"https:\/\/dssi.co.ao\/en\/wp-json\/wp\/v2\/comments?post=14596"}],"version-history":[{"count":1,"href":"https:\/\/dssi.co.ao\/en\/wp-json\/wp\/v2\/pages\/14596\/revisions"}],"predecessor-version":[{"id":14597,"href":"https:\/\/dssi.co.ao\/en\/wp-json\/wp\/v2\/pages\/14596\/revisions\/14597"}],"wp:attachment":[{"href":"https:\/\/dssi.co.ao\/en\/wp-json\/wp\/v2\/media?parent=14596"}],"curies":[{"name":"wp","href":"https:\/\/api.w.org\/{rel}","templated":true}]}}