{"id":7281,"date":"2025-03-19T15:26:29","date_gmt":"2025-03-19T15:26:29","guid":{"rendered":"https:\/\/dssi.co.ao\/qnap-products\/"},"modified":"2025-05-30T13:34:45","modified_gmt":"2025-05-30T13:34:45","slug":"qnap-products","status":"publish","type":"page","link":"https:\/\/dssi.co.ao\/en\/qnap-products\/","title":{"rendered":"Qnap &#8211; Products"},"content":{"rendered":"\t\t<div data-elementor-type=\"wp-page\" data-elementor-id=\"7281\" class=\"elementor elementor-7281 elementor-2365\" data-elementor-post-type=\"page\">\n\t\t\t\t\t\t<header class=\"elementor-section elementor-top-section elementor-element elementor-element-efd34ed elementor-section-height-min-height elementor-section-full_width elementor-section-height-default elementor-section-items-middle wpr-particle-no wpr-jarallax-no wpr-parallax-no wpr-sticky-section-no\" data-id=\"efd34ed\" data-element_type=\"section\" data-settings=\"{&quot;background_background&quot;:&quot;classic&quot;,&quot;background_motion_fx_motion_fx_mouse&quot;:&quot;yes&quot;}\">\n\t\t\t\t\t\t\t<div class=\"elementor-background-overlay\"><\/div>\n\t\t\t\t\t\t\t<div class=\"elementor-container elementor-column-gap-default\">\n\t\t\t\t\t<div class=\"elementor-column elementor-col-100 elementor-top-column elementor-element elementor-element-b6907c7\" data-id=\"b6907c7\" data-element_type=\"column\">\n\t\t\t<div class=\"elementor-widget-wrap elementor-element-populated\">\n\t\t\t\t\t\t<div class=\"elementor-element elementor-element-c0c4ed3 elementor-widget elementor-widget-image\" data-id=\"c0c4ed3\" data-element_type=\"widget\" data-widget_type=\"image.default\">\n\t\t\t\t<div class=\"elementor-widget-container\">\n\t\t\t\t\t\t\t\t\t\t\t\t\t\t\t<img fetchpriority=\"high\" decoding=\"async\" width=\"768\" height=\"149\" src=\"https:\/\/dssi.co.ao\/wp-content\/uploads\/2025\/04\/Qnap-768x149.png\" class=\"attachment-medium_large size-medium_large wp-image-7176\" alt=\"\" srcset=\"https:\/\/dssi.co.ao\/wp-content\/uploads\/2025\/04\/Qnap-768x149.png.webp 768w, https:\/\/dssi.co.ao\/wp-content\/uploads\/2025\/04\/Qnap-300x58.png.webp 300w, https:\/\/dssi.co.ao\/wp-content\/uploads\/2025\/04\/Qnap-1024x198.png.webp 1024w, https:\/\/dssi.co.ao\/wp-content\/uploads\/2025\/04\/Qnap-600x116.png.webp 600w, https:\/\/dssi.co.ao\/wp-content\/uploads\/2025\/04\/Qnap.png.webp 1286w\" sizes=\"(max-width: 768px) 100vw, 768px\">\t\t\t\t\t\t\t\t\t\t\t\t\t\t\t<\/div>\n\t\t\t\t<\/div>\n\t\t\t\t<div class=\"elementor-element elementor-element-70f3ea0 elementor-widget__width-initial elementor-widget elementor-widget-heading\" data-id=\"70f3ea0\" data-element_type=\"widget\" data-widget_type=\"heading.default\">\n\t\t\t\t<div class=\"elementor-widget-container\">\n\t\t\t\t\t<h2 class=\"elementor-heading-title elementor-size-default\"><b>Products<\/b><\/h2>\t\t\t\t<\/div>\n\t\t\t\t<\/div>\n\t\t\t\t\t<\/div>\n\t\t<\/div>\n\t\t\t\t\t<\/div>\n\t\t<\/header>\n\t\t<div class=\"elementor-element elementor-element-3a9b5b9 e-flex e-con-boxed wpr-particle-no wpr-jarallax-no wpr-parallax-no wpr-sticky-section-no e-con e-parent\" data-id=\"3a9b5b9\" data-element_type=\"container\">\n\t\t\t\t\t<div class=\"e-con-inner\">\n\t\t\t\t<div class=\"elementor-element elementor-element-a4046a0 elementor-widget elementor-widget-spacer\" data-id=\"a4046a0\" data-element_type=\"widget\" data-widget_type=\"spacer.default\">\n\t\t\t\t<div class=\"elementor-widget-container\">\n\t\t\t\t\t\t\t<div class=\"elementor-spacer\">\n\t\t\t<div class=\"elementor-spacer-inner\"><\/div>\n\t\t<\/div>\n\t\t\t\t\t\t<\/div>\n\t\t\t\t<\/div>\n\t\t\t\t\t<\/div>\n\t\t\t\t<\/div>\n\t\t\t\t<section class=\"elementor-section elementor-top-section elementor-element elementor-element-68f53dfc elementor-reverse-tablet elementor-section-boxed elementor-section-height-default elementor-section-height-default wpr-particle-no wpr-jarallax-no wpr-parallax-no wpr-sticky-section-no\" data-id=\"68f53dfc\" data-element_type=\"section\" data-settings=\"{&quot;background_background&quot;:&quot;classic&quot;}\">\n\t\t\t\t\t\t\t<div class=\"elementor-background-overlay\"><\/div>\n\t\t\t\t\t\t\t<div class=\"elementor-container elementor-column-gap-no\">\n\t\t\t\t\t<div class=\"elementor-column elementor-col-100 elementor-top-column elementor-element elementor-element-6fb66fd\" data-id=\"6fb66fd\" data-element_type=\"column\">\n\t\t\t<div class=\"elementor-widget-wrap\">\n\t\t\t\t\t\t\t<\/div>\n\t\t<\/div>\n\t\t\t\t\t<\/div>\n\t\t<\/section>\n\t\t<div class=\"elementor-element elementor-element-5b2b81a e-flex e-con-boxed wpr-particle-no wpr-jarallax-no wpr-parallax-no wpr-sticky-section-no e-con e-parent\" data-id=\"5b2b81a\" data-element_type=\"container\">\n\t\t\t\t\t<div class=\"e-con-inner\">\n\t\t\t\t<div class=\"elementor-element elementor-element-0a75801 eael-product-gallery-column-3 elementor-widget elementor-widget-eael-woo-product-gallery\" data-id=\"0a75801\" data-element_type=\"widget\" data-settings=\"{&quot;eael_product_gallery_column&quot;:&quot;3&quot;}\" data-widget_type=\"eael-woo-product-gallery.default\">\n\t\t\t\t<div class=\"elementor-widget-container\">\n\t\t\t\t\t\n        <div class=\"eael-product-gallery eael-product-preset-1 masonry eael-terms-layout-vertical\" id=\"eael-product-gallery\" data-widget-id=\"0a75801\" data-page-id=\"7281\" data-nonce=\"2536fb7015\" >\n\t\t\t<ul class=\"eael-cat-tab\" data-layout=\"masonry\" data-template=\"{&quot;dir&quot;:&quot;lite&quot;,&quot;file_name&quot;:&quot;preset-1.php&quot;,&quot;name&quot;:&quot;Woo-Product-Gallery&quot;}\" data-nonce=\"2536fb7015\" data-page-id=\"7281\" data-widget-id=\"0a75801\" data-widget=\"0a75801\" data-class=\"Essential_Addons_Elementor\\Elements\\Woo_Product_Gallery\" data-args=\"post_type=product&amp;post_status%5B0%5D=publish&amp;post_status%5B1%5D=pending&amp;post_status%5B2%5D=future&amp;posts_per_page=6&amp;order=desc&amp;offset=0&amp;tax_query%5Brelation%5D=AND&amp;tax_query%5B0%5D%5Btaxonomy%5D=product_visibility&amp;tax_query%5B0%5D%5Bfield%5D=name&amp;tax_query%5B0%5D%5Bterms%5D%5B0%5D=exclude-from-search&amp;tax_query%5B0%5D%5Bterms%5D%5B1%5D=exclude-from-catalog&amp;tax_query%5B0%5D%5Boperator%5D=NOT+IN&amp;tax_query%5B1%5D%5Brelation%5D=OR&amp;tax_query%5B1%5D%5B0%5D%5Btaxonomy%5D=product_cat&amp;tax_query%5B1%5D%5B0%5D%5Bfield%5D=term_id&amp;tax_query%5B1%5D%5B0%5D%5Bterms%5D%5B0%5D=37&amp;tax_query%5B1%5D%5B0%5D%5Bterms%5D%5B1%5D=38&amp;tax_query%5B1%5D%5B0%5D%5Boperator%5D=IN&amp;orderby=date&amp;meta_query%5Brelation%5D=AND&amp;meta_query%5B0%5D%5Bkey%5D=_stock_status&amp;meta_query%5B0%5D%5Bvalue%5D=instock\" data-page=\"1\"><li><a href=\"javascript:;\" data-taxonomy=\"product_cat\" data-page=\"1\" data-tagid=\"\" data-id=\"[&quot;37&quot;,&quot;38&quot;]\" class=\"active post-list-filter-item post-list-cat-0a75801\">Storage<\/a><\/li><li><a href=\"javascript:;\" data-page=\"1\" data-taxonomy=\"product_cat\" data-terms='[\"nas\"]' data-id=\"37\" class=\"post-list-filter-item \">NAS<\/a><\/li><li><a href=\"javascript:;\" data-page=\"1\" data-taxonomy=\"product_cat\" data-terms='[\"unidades-de-expansao\"]' data-id=\"38\" class=\"post-list-filter-item \">Unidades de Expans\u00e3o<\/a><\/li><\/ul>\n            <div class=\"woocommerce\">\n\t\t\t\t<ul class=\"products eael-post-appender eael-post-appender-0a75801\" data-layout-mode=\"masonry\" data-ssi-desktop=\"no\" >\n<li class=\"product  post-2931 type-product status-publish has-post-thumbnail product_cat-unidades-de-expansao first instock shipping-taxable product-type-simple\">\n<div class=\"eael-product-wrap\" data-src=\"\" data-src-hover=\"\" >\n        <div class=\"product-image-wrap\">\n        <div class=\"image-wrap\">\n            <img decoding=\"async\" width=\"300\" height=\"300\" src=\"https:\/\/dssi.co.ao\/wp-content\/uploads\/2025\/03\/5-3-300x300.png\" class=\"attachment-medium size-medium\" alt=\"Unidade de expans\u00e3o - Interface USB - TR-004U\" loading=\"eager\" srcset=\"https:\/\/dssi.co.ao\/wp-content\/uploads\/2025\/03\/5-3-300x300.png 300w, https:\/\/dssi.co.ao\/wp-content\/uploads\/2025\/03\/5-3-100x100.png 100w, https:\/\/dssi.co.ao\/wp-content\/uploads\/2025\/03\/5-3-600x600.png 600w, https:\/\/dssi.co.ao\/wp-content\/uploads\/2025\/03\/5-3-1024x1024.png 1024w, https:\/\/dssi.co.ao\/wp-content\/uploads\/2025\/03\/5-3-150x150.png 150w, https:\/\/dssi.co.ao\/wp-content\/uploads\/2025\/03\/5-3-768x768.png 768w, https:\/\/dssi.co.ao\/wp-content\/uploads\/2025\/03\/5-3.png 1080w\" sizes=\"(max-width: 300px) 100vw, 300px\" \/>        <\/div>\n        <div class=\"image-hover-wrap\">\n            <ul class=\"icons-wrap over-box-style\">\n                                                    <li class=\"eael-product-quick-view\">\n                        <a id=\"eael_quick_view_69d63c7363406\" data-quickview-setting=\"{&quot;widget_id&quot;:&quot;0a75801&quot;,&quot;product_id&quot;:2931,&quot;page_id&quot;:7281}\"\n                            class=\"eael-product-gallery-open-popup open-popup-link\">\n                            <i class=\"fas fa-eye\"><\/i>\n                        <\/a>\n                    <\/li>\n                                            <\/ul>\n        <\/div>\n    <\/div>\n    <div class=\"product-details-wrap\">\n                <div class=\"eael-product-title\">\n            <a href=\"https:\/\/dssi.co.ao\/en\/product\/unidade-de-expansao-interface-usb-tr-004u\/\" class=\"woocommerce-LoopProduct-link woocommerce-loop-product__link\"><h2>Unidade de expans\u00e3o - Interface USB - TR-004U<\/h2><\/a>        <\/div>\n    <\/div>\n\n    <\/div>\n<\/li>\n<li class=\"product  post-2929 type-product status-publish has-post-thumbnail product_cat-unidades-de-expansao instock shipping-taxable product-type-simple\">\n<div class=\"eael-product-wrap\" data-src=\"\" data-src-hover=\"\" >\n        <div class=\"product-image-wrap\">\n        <div class=\"image-wrap\">\n            <img decoding=\"async\" width=\"300\" height=\"300\" src=\"https:\/\/dssi.co.ao\/wp-content\/uploads\/2025\/03\/4-3-300x300.png\" class=\"attachment-medium size-medium\" alt=\"Unidade de expans\u00e3o - Interface USB - TR-002\" loading=\"eager\" srcset=\"https:\/\/dssi.co.ao\/wp-content\/uploads\/2025\/03\/4-3-300x300.png 300w, https:\/\/dssi.co.ao\/wp-content\/uploads\/2025\/03\/4-3-100x100.png 100w, https:\/\/dssi.co.ao\/wp-content\/uploads\/2025\/03\/4-3-600x600.png 600w, https:\/\/dssi.co.ao\/wp-content\/uploads\/2025\/03\/4-3-1024x1024.png 1024w, https:\/\/dssi.co.ao\/wp-content\/uploads\/2025\/03\/4-3-150x150.png 150w, https:\/\/dssi.co.ao\/wp-content\/uploads\/2025\/03\/4-3-768x768.png 768w, https:\/\/dssi.co.ao\/wp-content\/uploads\/2025\/03\/4-3.png 1080w\" sizes=\"(max-width: 300px) 100vw, 300px\" \/>        <\/div>\n        <div class=\"image-hover-wrap\">\n            <ul class=\"icons-wrap over-box-style\">\n                                                    <li class=\"eael-product-quick-view\">\n                        <a id=\"eael_quick_view_69d63c7364f4a\" data-quickview-setting=\"{&quot;widget_id&quot;:&quot;0a75801&quot;,&quot;product_id&quot;:2929,&quot;page_id&quot;:7281}\"\n                            class=\"eael-product-gallery-open-popup open-popup-link\">\n                            <i class=\"fas fa-eye\"><\/i>\n                        <\/a>\n                    <\/li>\n                                            <\/ul>\n        <\/div>\n    <\/div>\n    <div class=\"product-details-wrap\">\n                <div class=\"eael-product-title\">\n            <a href=\"https:\/\/dssi.co.ao\/en\/product\/unidade-de-expansao-interface-usb-tr-002\/\" class=\"woocommerce-LoopProduct-link woocommerce-loop-product__link\"><h2>Unidade de expans\u00e3o - Interface USB - TR-002<\/h2><\/a>        <\/div>\n    <\/div>\n\n    <\/div>\n<\/li>\n<li class=\"product  post-2927 type-product status-publish has-post-thumbnail product_cat-unidades-de-expansao instock shipping-taxable product-type-simple\">\n<div class=\"eael-product-wrap\" data-src=\"\" data-src-hover=\"\" >\n        <div class=\"product-image-wrap\">\n        <div class=\"image-wrap\">\n            <img decoding=\"async\" width=\"300\" height=\"300\" src=\"https:\/\/dssi.co.ao\/wp-content\/uploads\/2025\/03\/3-3-300x300.png\" class=\"attachment-medium size-medium\" alt=\"Unidade de expans\u00e3o - Interface USB - TR-004\" loading=\"eager\" srcset=\"https:\/\/dssi.co.ao\/wp-content\/uploads\/2025\/03\/3-3-300x300.png 300w, https:\/\/dssi.co.ao\/wp-content\/uploads\/2025\/03\/3-3-100x100.png 100w, https:\/\/dssi.co.ao\/wp-content\/uploads\/2025\/03\/3-3-600x600.png 600w, https:\/\/dssi.co.ao\/wp-content\/uploads\/2025\/03\/3-3-1024x1024.png 1024w, https:\/\/dssi.co.ao\/wp-content\/uploads\/2025\/03\/3-3-150x150.png 150w, https:\/\/dssi.co.ao\/wp-content\/uploads\/2025\/03\/3-3-768x768.png 768w, https:\/\/dssi.co.ao\/wp-content\/uploads\/2025\/03\/3-3.png 1080w\" sizes=\"(max-width: 300px) 100vw, 300px\" \/>        <\/div>\n        <div class=\"image-hover-wrap\">\n            <ul class=\"icons-wrap over-box-style\">\n                                                    <li class=\"eael-product-quick-view\">\n                        <a id=\"eael_quick_view_69d63c7368bfd\" data-quickview-setting=\"{&quot;widget_id&quot;:&quot;0a75801&quot;,&quot;product_id&quot;:2927,&quot;page_id&quot;:7281}\"\n                            class=\"eael-product-gallery-open-popup open-popup-link\">\n                            <i class=\"fas fa-eye\"><\/i>\n                        <\/a>\n                    <\/li>\n                                            <\/ul>\n        <\/div>\n    <\/div>\n    <div class=\"product-details-wrap\">\n                <div class=\"eael-product-title\">\n            <a href=\"https:\/\/dssi.co.ao\/en\/product\/unidade-de-expansao-interface-usb-tr-004\/\" class=\"woocommerce-LoopProduct-link woocommerce-loop-product__link\"><h2>Unidade de expans\u00e3o - Interface USB - TR-004<\/h2><\/a>        <\/div>\n    <\/div>\n\n    <\/div>\n<\/li>\n<li class=\"product  post-2925 type-product status-publish has-post-thumbnail product_cat-unidades-de-expansao last instock shipping-taxable product-type-simple\">\n<div class=\"eael-product-wrap\" data-src=\"\" data-src-hover=\"\" >\n        <div class=\"product-image-wrap\">\n        <div class=\"image-wrap\">\n            <img decoding=\"async\" width=\"300\" height=\"300\" src=\"https:\/\/dssi.co.ao\/wp-content\/uploads\/2025\/03\/2-4-300x300.png\" class=\"attachment-medium size-medium\" alt=\"Unidade de expans\u00e3o - Interface USB - TL-D800C (USB)\" loading=\"eager\" srcset=\"https:\/\/dssi.co.ao\/wp-content\/uploads\/2025\/03\/2-4-300x300.png 300w, https:\/\/dssi.co.ao\/wp-content\/uploads\/2025\/03\/2-4-100x100.png 100w, https:\/\/dssi.co.ao\/wp-content\/uploads\/2025\/03\/2-4-600x600.png 600w, https:\/\/dssi.co.ao\/wp-content\/uploads\/2025\/03\/2-4-1024x1024.png 1024w, https:\/\/dssi.co.ao\/wp-content\/uploads\/2025\/03\/2-4-150x150.png 150w, https:\/\/dssi.co.ao\/wp-content\/uploads\/2025\/03\/2-4-768x768.png 768w, https:\/\/dssi.co.ao\/wp-content\/uploads\/2025\/03\/2-4.png 1080w\" sizes=\"(max-width: 300px) 100vw, 300px\" \/>        <\/div>\n        <div class=\"image-hover-wrap\">\n            <ul class=\"icons-wrap over-box-style\">\n                                                    <li class=\"eael-product-quick-view\">\n                        <a id=\"eael_quick_view_69d63c736a83e\" data-quickview-setting=\"{&quot;widget_id&quot;:&quot;0a75801&quot;,&quot;product_id&quot;:2925,&quot;page_id&quot;:7281}\"\n                            class=\"eael-product-gallery-open-popup open-popup-link\">\n                            <i class=\"fas fa-eye\"><\/i>\n                        <\/a>\n                    <\/li>\n                                            <\/ul>\n        <\/div>\n    <\/div>\n    <div class=\"product-details-wrap\">\n                <div class=\"eael-product-title\">\n            <a href=\"https:\/\/dssi.co.ao\/en\/product\/unidade-de-expansao-interface-usb-tl-d800c-usb\/\" class=\"woocommerce-LoopProduct-link woocommerce-loop-product__link\"><h2>Unidade de expans\u00e3o - Interface USB - TL-D800C (USB)<\/h2><\/a>        <\/div>\n    <\/div>\n\n    <\/div>\n<\/li>\n<li class=\"product  post-2924 type-product status-publish has-post-thumbnail product_cat-unidades-de-expansao first instock shipping-taxable product-type-simple\">\n<div class=\"eael-product-wrap\" data-src=\"\" data-src-hover=\"\" >\n        <div class=\"product-image-wrap\">\n        <div class=\"image-wrap\">\n            <img decoding=\"async\" width=\"300\" height=\"300\" src=\"https:\/\/dssi.co.ao\/wp-content\/uploads\/2025\/03\/103-300x300.png\" class=\"attachment-medium size-medium\" alt=\"Unidade de expans\u00e3o - Interface USB - TL-R1200C-RP(USB)\" loading=\"eager\" srcset=\"https:\/\/dssi.co.ao\/wp-content\/uploads\/2025\/03\/103-300x300.png 300w, https:\/\/dssi.co.ao\/wp-content\/uploads\/2025\/03\/103-100x100.png 100w, https:\/\/dssi.co.ao\/wp-content\/uploads\/2025\/03\/103-600x600.png 600w, https:\/\/dssi.co.ao\/wp-content\/uploads\/2025\/03\/103-1024x1024.png 1024w, https:\/\/dssi.co.ao\/wp-content\/uploads\/2025\/03\/103-150x150.png 150w, https:\/\/dssi.co.ao\/wp-content\/uploads\/2025\/03\/103-768x768.png 768w, https:\/\/dssi.co.ao\/wp-content\/uploads\/2025\/03\/103.png 1080w\" sizes=\"(max-width: 300px) 100vw, 300px\" \/>        <\/div>\n        <div class=\"image-hover-wrap\">\n            <ul class=\"icons-wrap over-box-style\">\n                                                    <li class=\"eael-product-quick-view\">\n                        <a id=\"eael_quick_view_69d63c736c3a9\" data-quickview-setting=\"{&quot;widget_id&quot;:&quot;0a75801&quot;,&quot;product_id&quot;:2924,&quot;page_id&quot;:7281}\"\n                            class=\"eael-product-gallery-open-popup open-popup-link\">\n                            <i class=\"fas fa-eye\"><\/i>\n                        <\/a>\n                    <\/li>\n                                            <\/ul>\n        <\/div>\n    <\/div>\n    <div class=\"product-details-wrap\">\n                <div class=\"eael-product-title\">\n            <a href=\"https:\/\/dssi.co.ao\/en\/product\/unidade-de-expansao-interface-usb-tl-r1200c-rpusb\/\" class=\"woocommerce-LoopProduct-link woocommerce-loop-product__link\"><h2>Unidade de expans\u00e3o - Interface USB - TL-R1200C-RP(USB)<\/h2><\/a>        <\/div>\n    <\/div>\n\n    <\/div>\n<\/li>\n<li class=\"product  post-2922 type-product status-publish has-post-thumbnail product_cat-unidades-de-expansao instock shipping-taxable product-type-simple\">\n<div class=\"eael-product-wrap\" data-src=\"\" data-src-hover=\"\" >\n        <div class=\"product-image-wrap\">\n        <div class=\"image-wrap\">\n            <img decoding=\"async\" width=\"300\" height=\"300\" src=\"https:\/\/dssi.co.ao\/wp-content\/uploads\/2025\/03\/103-300x300.png\" class=\"attachment-medium size-medium\" alt=\"Unidade de expans\u00e3o - Interface SATA - TL-R400S\" loading=\"eager\" srcset=\"https:\/\/dssi.co.ao\/wp-content\/uploads\/2025\/03\/103-300x300.png 300w, https:\/\/dssi.co.ao\/wp-content\/uploads\/2025\/03\/103-100x100.png 100w, https:\/\/dssi.co.ao\/wp-content\/uploads\/2025\/03\/103-600x600.png 600w, https:\/\/dssi.co.ao\/wp-content\/uploads\/2025\/03\/103-1024x1024.png 1024w, https:\/\/dssi.co.ao\/wp-content\/uploads\/2025\/03\/103-150x150.png 150w, https:\/\/dssi.co.ao\/wp-content\/uploads\/2025\/03\/103-768x768.png 768w, https:\/\/dssi.co.ao\/wp-content\/uploads\/2025\/03\/103.png 1080w\" sizes=\"(max-width: 300px) 100vw, 300px\" \/>        <\/div>\n        <div class=\"image-hover-wrap\">\n            <ul class=\"icons-wrap over-box-style\">\n                                                    <li class=\"eael-product-quick-view\">\n                        <a id=\"eael_quick_view_69d63c736d7e5\" data-quickview-setting=\"{&quot;widget_id&quot;:&quot;0a75801&quot;,&quot;product_id&quot;:2922,&quot;page_id&quot;:7281}\"\n                            class=\"eael-product-gallery-open-popup open-popup-link\">\n                            <i class=\"fas fa-eye\"><\/i>\n                        <\/a>\n                    <\/li>\n                                            <\/ul>\n        <\/div>\n    <\/div>\n    <div class=\"product-details-wrap\">\n                <div class=\"eael-product-title\">\n            <a href=\"https:\/\/dssi.co.ao\/en\/product\/unidade-de-expansao-interface-sata-tl-r400s\/\" class=\"woocommerce-LoopProduct-link woocommerce-loop-product__link\"><h2>Unidade de expans\u00e3o - Interface SATA - TL-R400S<\/h2><\/a>        <\/div>\n    <\/div>\n\n    <\/div>\n<\/li><\/ul>            <div class=\"eael-load-more-button-wrap\">\n                <button class=\"eael-load-more-button\" id=\"eael-load-more-btn-0a75801\" data-widget-id=\"0a75801\" data-widget=\"0a75801\" data-page-id=\"7281\" data-template=\"{&quot;dir&quot;:&quot;lite&quot;,&quot;file_name&quot;:&quot;preset-1.php&quot;,&quot;name&quot;:&quot;Woo-Product-Gallery&quot;}\" data-class=\"Essential_Addons_Elementor\\Elements\\Woo_Product_Gallery\" data-layout=\"masonry\" data-page=\"1\" data-args=\"post_type=product&amp;post_status%5B0%5D=publish&amp;post_status%5B1%5D=pending&amp;post_status%5B2%5D=future&amp;posts_per_page=6&amp;order=desc&amp;offset=0&amp;tax_query%5Brelation%5D=AND&amp;tax_query%5B0%5D%5Btaxonomy%5D=product_visibility&amp;tax_query%5B0%5D%5Bfield%5D=name&amp;tax_query%5B0%5D%5Bterms%5D%5B0%5D=exclude-from-search&amp;tax_query%5B0%5D%5Bterms%5D%5B1%5D=exclude-from-catalog&amp;tax_query%5B0%5D%5Boperator%5D=NOT+IN&amp;tax_query%5B1%5D%5Brelation%5D=OR&amp;tax_query%5B1%5D%5B0%5D%5Btaxonomy%5D=product_cat&amp;tax_query%5B1%5D%5B0%5D%5Bfield%5D=term_id&amp;tax_query%5B1%5D%5B0%5D%5Bterms%5D%5B0%5D=37&amp;tax_query%5B1%5D%5B0%5D%5Bterms%5D%5B1%5D=38&amp;tax_query%5B1%5D%5B0%5D%5Boperator%5D=IN&amp;orderby=date&amp;meta_query%5Brelation%5D=AND&amp;meta_query%5B0%5D%5Bkey%5D=_stock_status&amp;meta_query%5B0%5D%5Bvalue%5D=instock&amp;found_posts=39\" data-max-page=\"7\">\n                    <span class=\"eael-btn-loader button__loader\"><\/span>\n                    <span class=\"eael_load_more_text\">See more<\/span>\n                <\/button>\n            <\/div>\n                        <\/div>\n        <\/div>\n        <script type=\"text\/javascript\">\n\t\t\tjQuery(document).ready(function ($) {\n\t\t\t\tvar $scope = jQuery(\".elementor-element-0a75801\");\n\t\t\t\tvar $products = $('.products', $scope);\n\t\t\t\tvar $layout_mode = $products.data('layout-mode');\n\n\t\t\t\tif ($layout_mode === 'masonry') {\n\t\t\t\t\t\/\/ init isotope\n\t\t\t\t\tvar $isotope_products = $products.isotope({\n\t\t\t\t\t\t                                          itemSelector: \"li.product\",\n\t\t\t\t\t\t                                          layoutMode: $layout_mode,\n\t\t\t\t\t\t                                          percentPosition: true\n\t\t\t\t\t                                          });\n\n\t\t\t\t\t$isotope_products.imagesLoaded().progress(function () {\n\t\t\t\t\t\t$isotope_products.isotope('layout');\n\t\t\t\t\t})\n\n\t\t\t\t\t$(window).on('resize', function () {\n\t\t\t\t\t\t$isotope_products.isotope('layout');\n\t\t\t\t\t});\n\t\t\t\t}\n\t\t\t});\n        <\/script>\n\t\t\t\t\t\t<\/div>\n\t\t\t\t<\/div>\n\t\t\t\t\t<\/div>\n\t\t\t\t<\/div>\n\t\t<div class=\"elementor-element elementor-element-e2f73e3 e-flex e-con-boxed wpr-particle-no wpr-jarallax-no wpr-parallax-no wpr-sticky-section-no e-con e-parent\" data-id=\"e2f73e3\" data-element_type=\"container\">\n\t\t\t\t\t<div class=\"e-con-inner\">\n\t\t\t\t<div class=\"elementor-element elementor-element-d1199ac elementor-widget elementor-widget-spacer\" data-id=\"d1199ac\" data-element_type=\"widget\" data-widget_type=\"spacer.default\">\n\t\t\t\t<div class=\"elementor-widget-container\">\n\t\t\t\t\t\t\t<div class=\"elementor-spacer\">\n\t\t\t<div class=\"elementor-spacer-inner\"><\/div>\n\t\t<\/div>\n\t\t\t\t\t\t<\/div>\n\t\t\t\t<\/div>\n\t\t\t\t\t<\/div>\n\t\t\t\t<\/div>\n\t\t\t\t<\/div>\n\t\t","protected":false},"excerpt":{"rendered":"<p>Products Storage NAS Unidades de Expans\u00e3o Unidade de expans\u00e3o &#8211; Interface USB &#8211; TR-004U Unidade de expans\u00e3o &#8211; Interface USB &#8211; TR-002 Unidade de expans\u00e3o &#8211; Interface USB &#8211; TR-004 Unidade de expans\u00e3o &#8211; Interface USB &#8211; TL-D800C (USB) Unidade de expans\u00e3o &#8211; Interface USB &#8211; TL-R1200C-RP(USB) Unidade de expans\u00e3o &#8211; Interface SATA &#8211; TL-R400S See more<\/p>\n","protected":false},"author":1,"featured_media":0,"parent":0,"menu_order":0,"comment_status":"closed","ping_status":"closed","template":"elementor_header_footer","meta":{"footnotes":""},"class_list":["post-7281","page","type-page","status-publish","hentry"],"_links":{"self":[{"href":"https:\/\/dssi.co.ao\/en\/wp-json\/wp\/v2\/pages\/7281","targetHints":{"allow":["GET"]}}],"collection":[{"href":"https:\/\/dssi.co.ao\/en\/wp-json\/wp\/v2\/pages"}],"about":[{"href":"https:\/\/dssi.co.ao\/en\/wp-json\/wp\/v2\/types\/page"}],"author":[{"embeddable":true,"href":"https:\/\/dssi.co.ao\/en\/wp-json\/wp\/v2\/users\/1"}],"replies":[{"embeddable":true,"href":"https:\/\/dssi.co.ao\/en\/wp-json\/wp\/v2\/comments?post=7281"}],"version-history":[{"count":6,"href":"https:\/\/dssi.co.ao\/en\/wp-json\/wp\/v2\/pages\/7281\/revisions"}],"predecessor-version":[{"id":9936,"href":"https:\/\/dssi.co.ao\/en\/wp-json\/wp\/v2\/pages\/7281\/revisions\/9936"}],"wp:attachment":[{"href":"https:\/\/dssi.co.ao\/en\/wp-json\/wp\/v2\/media?parent=7281"}],"curies":[{"name":"wp","href":"https:\/\/api.w.org\/{rel}","templated":true}]}}