{"id":2922,"date":"2025-03-25T13:02:59","date_gmt":"2025-03-25T13:02:59","guid":{"rendered":"https:\/\/dssi.co.ao\/?post_type=product&#038;p=2922"},"modified":"2025-05-29T15:07:27","modified_gmt":"2025-05-29T15:07:27","slug":"unidade-de-expansao-interface-sata-tl-r400s","status":"publish","type":"product","link":"https:\/\/dssi.co.ao\/en\/product\/unidade-de-expansao-interface-sata-tl-r400s\/","title":{"rendered":"Unidade de expans\u00e3o &#8211; Interface SATA &#8211; TL-R400S"},"content":{"rendered":"<div class=\"sqfk-kv-slogan fadeInUp wow\" data-wow-delay=\"0.2s\">\n<div class=\"sqfk-kv-slogan fadeInUp wow\" data-wow-delay=\"0.2s\">\n<div class=\"sqfk-kv-slogan fadeInUp wow\" data-wow-delay=\"0.2s\">\n<div class=\"sqfk-kv-slogan fadeInUp wow\" data-wow-delay=\"0.2s\">\n<div class=\"sqfk-kv-slogan fadeInUp wow\" data-wow-delay=\"0.2s\">\n<div class=\"sqfk-kv-slogan fadeInUp wow\" data-wow-delay=\"0.2s\">\n<div class=\"sqfk-kv-slogan fadeInUp wow\" data-wow-delay=\"0.2s\">\n<div class=\"sqfk-kv-slogan fadeInUp wow\" data-wow-delay=\"0.2s\">\n<div class=\"sqfk-kv-slogan fadeInUp wow\" data-wow-delay=\"0.2s\">\n<div class=\"keyvision__container__text col-lg-10 col-fhd-6\">\n<div class=\"sqfk-kv-slogan fadeInUp wow\" data-wow-delay=\"0.2s\">\n<div class=\"keyvision__container__text col-lg-10 col-xl-5 col-fhd-4\">\n<div class=\"sqfk-kv-slogan fadeInUp wow\" data-wow-delay=\"0.2s\">\n<div class=\"keyvision__container__text col-lg-10 col-fhd-6\">\n<div class=\"sqfk-kv-slogan fadeInUp wow\" data-wow-delay=\"0.2s\">\n<div class=\"keyvision__container__text col-lg-10 col-fhd-6\">\n<div class=\"sqfk-kv-slogan fadeInUp wow\" data-wow-delay=\"0.2s\">\n<div class=\"keyvision__container__text col-lg-10 col-fhd-6\">\n<div class=\"sqfk-kv-slogan fadeInUp wow\" data-wow-delay=\"0.2s\">\n<div class=\"sqfk-kv-slogan fadeInUp wow\" data-wow-delay=\"0.2s\">\n<div class=\"sqfk-kv-slogan fadeInUp wow\" data-wow-delay=\"0.2s\">Gabinete de armazenamento JBOD SATA de 6 Gb\/s, montagem em rack, profundidade curta e alto desempenho.<\/div>\n<div data-wow-delay=\"0.2s\">\n<ul class=\"product-features list-style-disc ps-4\">\n<li>4 compartimentos de unidade de discos r\u00edgidos, fonte de alimenta\u00e7\u00e3o redundante<\/li>\n<li>JBOD SATA de 6\u00a0Gb\/s multipista<\/li>\n<li>Suporta NAS QNAP, PC\/Servidor Windows\u00ae e Ubuntu\u00ae<\/li>\n<\/ul>\n<\/div>\n<\/div>\n<\/div>\n<\/div>\n<\/div>\n<\/div>\n<\/div>\n<\/div>\n<\/div>\n<\/div>\n<\/div>\n<\/div>\n<\/div>\n<\/div>\n<\/div>\n<\/div>\n<\/div>\n<\/div>\n<\/div>\n<\/div>\n<\/div>\n","protected":false},"excerpt":{"rendered":"<p>Gabinete de armazenamento JBOD SATA de 6 Gb\/s, montagem em rack, profundidade curta e alto desempenho. 4 compartimentos de unidade de discos r\u00edgidos, fonte de alimenta\u00e7\u00e3o redundante JBOD SATA de 6\u00a0Gb\/s multipista Suporta NAS QNAP, PC\/Servidor Windows\u00ae e Ubuntu\u00ae<\/p>\n","protected":false},"featured_media":2923,"comment_status":"open","ping_status":"closed","template":"","meta":[],"product_brand":[],"product_cat":[38],"product_tag":[],"class_list":{"0":"post-2922","1":"product","2":"type-product","3":"status-publish","4":"has-post-thumbnail","6":"product_cat-unidades-de-expansao","8":"first","9":"instock","10":"shipping-taxable","11":"product-type-simple"},"_links":{"self":[{"href":"https:\/\/dssi.co.ao\/en\/wp-json\/wp\/v2\/product\/2922","targetHints":{"allow":["GET"]}}],"collection":[{"href":"https:\/\/dssi.co.ao\/en\/wp-json\/wp\/v2\/product"}],"about":[{"href":"https:\/\/dssi.co.ao\/en\/wp-json\/wp\/v2\/types\/product"}],"replies":[{"embeddable":true,"href":"https:\/\/dssi.co.ao\/en\/wp-json\/wp\/v2\/comments?post=2922"}],"wp:featuredmedia":[{"embeddable":true,"href":"https:\/\/dssi.co.ao\/en\/wp-json\/wp\/v2\/media\/2923"}],"wp:attachment":[{"href":"https:\/\/dssi.co.ao\/en\/wp-json\/wp\/v2\/media?parent=2922"}],"wp:term":[{"taxonomy":"product_brand","embeddable":true,"href":"https:\/\/dssi.co.ao\/en\/wp-json\/wp\/v2\/product_brand?post=2922"},{"taxonomy":"product_cat","embeddable":true,"href":"https:\/\/dssi.co.ao\/en\/wp-json\/wp\/v2\/product_cat?post=2922"},{"taxonomy":"product_tag","embeddable":true,"href":"https:\/\/dssi.co.ao\/en\/wp-json\/wp\/v2\/product_tag?post=2922"}],"curies":[{"name":"wp","href":"https:\/\/api.w.org\/{rel}","templated":true}]}}